{"id":2968,"date":"2026-03-06T11:24:56","date_gmt":"2026-03-06T10:24:56","guid":{"rendered":"https:\/\/foodstory.es\/?page_id=2968"},"modified":"2026-03-06T11:25:46","modified_gmt":"2026-03-06T10:25:46","slug":"food-service-market-in-europe-part-i","status":"publish","type":"page","link":"https:\/\/foodstory.es\/en\/food-service-market-in-europe-part-i\/","title":{"rendered":"FOOD SERVICE MARKET IN EUROPE PART I"},"content":{"rendered":"<p>DESCUBRA COMO NACE EL SECTOR DE LAS CADENAS D ERESTAURANTES EN EUROPA A PARTIR DE LA DECISION DE LA EDITORIAL ALEMANA dfv MEDIENGRUPPE DE EDITAR LA REVISTA EN LENGUA INGLESA fOOD SERVICE EUROPE,LA CUAL SE CONVERTIR\u00c1 EN LA PRINCIPAL REVISTA DE NEGOCIOS DE RESTAURACI\u00d3N   ENTRE 1998 Y 2023.He aqui la parte I que comprende los a\u00f1os 1998-2010<\/p>\n\n\n\n<p>linkar <\/p>\n\n\n\n<p><blockquote class=\"wp-embedded-content\" data-secret=\"NKz6mGHQ9Z\"><a href=\"https:\/\/foodstory.es\/en\/food-service-market-in-europe-part-i\/\">FOOD SERVICE MARKET IN EUROPE PART I<\/a><\/blockquote><iframe loading=\"lazy\" class=\"wp-embedded-content\" sandbox=\"allow-scripts\" security=\"restricted\" style=\"position: absolute; visibility: hidden;\" title=\"\u00abFOOD SERVICE MARKET IN EUROPE PART I\u00bb \u2014 Food Story\" src=\"https:\/\/foodstory.es\/food-service-market-in-europe-part-i\/embed\/#?secret=uUjTiFGCRj#?secret=NKz6mGHQ9Z\" data-secret=\"NKz6mGHQ9Z\" width=\"600\" height=\"338\" frameborder=\"0\" marginwidth=\"0\" marginheight=\"0\" scrolling=\"no\"><\/iframe><\/p>\n\n\n\n<p><\/p>\n\n\n\n<p><\/p>","protected":false},"excerpt":{"rendered":"<p>DESCUBRA COMO NACE EL SECTOR DE LAS CADENAS D ERESTAURANTES EN EUROPA A PARTIR DE LA DECISION DE LA EDITORIAL ALEMANA dfv MEDIENGRUPPE DE EDITAR LA REVISTA EN LENGUA INGLESA fOOD SERVICE EUROPE,LA CUAL SE CONVERTIR\u00c1 EN LA PRINCIPAL REVISTA DE NEGOCIOS DE RESTAURACI\u00d3N ENTRE 1998 Y 2023.He aqui la parte I que comprende los&#8230;<\/p>","protected":false},"author":1,"featured_media":0,"parent":0,"menu_order":2,"comment_status":"closed","ping_status":"closed","template":"","meta":{"_kad_blocks_custom_css":"","_kad_blocks_head_custom_js":"","_kad_blocks_body_custom_js":"","_kad_blocks_footer_custom_js":"","_kadence_starter_templates_imported_post":false,"_kad_post_transparent":"","_kad_post_title":"","_kad_post_layout":"","_kad_post_sidebar_id":"","_kad_post_content_style":"","_kad_post_vertical_padding":"","_kad_post_feature":"","_kad_post_feature_position":"","_kad_post_header":false,"_kad_post_footer":false,"_kad_post_classname":"","footnotes":""},"class_list":["post-2968","page","type-page","status-publish","hentry"],"yoast_head":"<!-- This site is optimized with the Yoast SEO plugin v27.3 - https:\/\/yoast.com\/product\/yoast-seo-wordpress\/ -->\n<title>FOOD SERVICE MARKET IN EUROPE PART I - Food Story<\/title>\n<meta name=\"robots\" content=\"index, follow, max-snippet:-1, max-image-preview:large, max-video-preview:-1\" \/>\n<link rel=\"canonical\" href=\"https:\/\/foodstory.es\/en\/food-service-market-in-europe-part-i\/\" \/>\n<meta property=\"og:locale\" content=\"en_GB\" \/>\n<meta property=\"og:type\" content=\"article\" \/>\n<meta property=\"og:title\" content=\"FOOD SERVICE MARKET IN EUROPE PART I - Food Story\" \/>\n<meta property=\"og:description\" content=\"DESCUBRA COMO NACE EL SECTOR DE LAS CADENAS D ERESTAURANTES EN EUROPA A PARTIR DE LA DECISION DE LA EDITORIAL ALEMANA dfv MEDIENGRUPPE DE EDITAR LA REVISTA EN LENGUA INGLESA fOOD SERVICE EUROPE,LA CUAL SE CONVERTIR\u00c1 EN LA PRINCIPAL REVISTA DE NEGOCIOS DE RESTAURACI\u00d3N ENTRE 1998 Y 2023.He aqui la parte I que comprende los...\" \/>\n<meta property=\"og:url\" content=\"https:\/\/foodstory.es\/en\/food-service-market-in-europe-part-i\/\" \/>\n<meta property=\"og:site_name\" content=\"Food Story\" \/>\n<meta property=\"article:modified_time\" content=\"2026-03-06T10:25:46+00:00\" \/>\n<meta name=\"twitter:card\" content=\"summary_large_image\" \/>\n<meta name=\"twitter:label1\" content=\"Estimated reading time\" \/>\n\t<meta name=\"twitter:data1\" content=\"1 minute\" \/>\n<script type=\"application\/ld+json\" class=\"yoast-schema-graph\">{\"@context\":\"https:\\\/\\\/schema.org\",\"@graph\":[{\"@type\":\"WebPage\",\"@id\":\"https:\\\/\\\/foodstory.es\\\/food-service-market-in-europe-part-i\\\/\",\"url\":\"https:\\\/\\\/foodstory.es\\\/food-service-market-in-europe-part-i\\\/\",\"name\":\"FOOD SERVICE MARKET IN EUROPE PART I - Food Story\",\"isPartOf\":{\"@id\":\"https:\\\/\\\/foodstory.es\\\/#website\"},\"datePublished\":\"2026-03-06T10:24:56+00:00\",\"dateModified\":\"2026-03-06T10:25:46+00:00\",\"breadcrumb\":{\"@id\":\"https:\\\/\\\/foodstory.es\\\/food-service-market-in-europe-part-i\\\/#breadcrumb\"},\"inLanguage\":\"en-GB\",\"potentialAction\":[{\"@type\":\"ReadAction\",\"target\":[\"https:\\\/\\\/foodstory.es\\\/food-service-market-in-europe-part-i\\\/\"]}]},{\"@type\":\"BreadcrumbList\",\"@id\":\"https:\\\/\\\/foodstory.es\\\/food-service-market-in-europe-part-i\\\/#breadcrumb\",\"itemListElement\":[{\"@type\":\"ListItem\",\"position\":1,\"name\":\"Portada\",\"item\":\"https:\\\/\\\/foodstory.es\\\/\"},{\"@type\":\"ListItem\",\"position\":2,\"name\":\"FOOD SERVICE MARKET IN EUROPE PART I\"}]},{\"@type\":\"WebSite\",\"@id\":\"https:\\\/\\\/foodstory.es\\\/#website\",\"url\":\"https:\\\/\\\/foodstory.es\\\/\",\"name\":\"Food Story\",\"description\":\"Visionando el futuro sin olvidar el pasado\",\"publisher\":{\"@id\":\"https:\\\/\\\/foodstory.es\\\/#organization\"},\"potentialAction\":[{\"@type\":\"SearchAction\",\"target\":{\"@type\":\"EntryPoint\",\"urlTemplate\":\"https:\\\/\\\/foodstory.es\\\/?s={search_term_string}\"},\"query-input\":{\"@type\":\"PropertyValueSpecification\",\"valueRequired\":true,\"valueName\":\"search_term_string\"}}],\"inLanguage\":\"en-GB\"},{\"@type\":\"Organization\",\"@id\":\"https:\\\/\\\/foodstory.es\\\/#organization\",\"name\":\"Food Story\",\"url\":\"https:\\\/\\\/foodstory.es\\\/\",\"logo\":{\"@type\":\"ImageObject\",\"inLanguage\":\"en-GB\",\"@id\":\"https:\\\/\\\/foodstory.es\\\/#\\\/schema\\\/logo\\\/image\\\/\",\"url\":\"https:\\\/\\\/foodstory.es\\\/wp-content\\\/uploads\\\/2024\\\/01\\\/LOGO-Food-Story.png\",\"contentUrl\":\"https:\\\/\\\/foodstory.es\\\/wp-content\\\/uploads\\\/2024\\\/01\\\/LOGO-Food-Story.png\",\"width\":800,\"height\":800,\"caption\":\"Food Story\"},\"image\":{\"@id\":\"https:\\\/\\\/foodstory.es\\\/#\\\/schema\\\/logo\\\/image\\\/\"}}]}<\/script>\n<!-- \/ Yoast SEO plugin. -->","yoast_head_json":{"title":"FOOD SERVICE MARKET IN EUROPE PART I - Food Story","robots":{"index":"index","follow":"follow","max-snippet":"max-snippet:-1","max-image-preview":"max-image-preview:large","max-video-preview":"max-video-preview:-1"},"canonical":"https:\/\/foodstory.es\/en\/food-service-market-in-europe-part-i\/","og_locale":"en_GB","og_type":"article","og_title":"FOOD SERVICE MARKET IN EUROPE PART I - Food Story","og_description":"DESCUBRA COMO NACE EL SECTOR DE LAS CADENAS D ERESTAURANTES EN EUROPA A PARTIR DE LA DECISION DE LA EDITORIAL ALEMANA dfv MEDIENGRUPPE DE EDITAR LA REVISTA EN LENGUA INGLESA fOOD SERVICE EUROPE,LA CUAL SE CONVERTIR\u00c1 EN LA PRINCIPAL REVISTA DE NEGOCIOS DE RESTAURACI\u00d3N ENTRE 1998 Y 2023.He aqui la parte I que comprende los...","og_url":"https:\/\/foodstory.es\/en\/food-service-market-in-europe-part-i\/","og_site_name":"Food Story","article_modified_time":"2026-03-06T10:25:46+00:00","twitter_card":"summary_large_image","twitter_misc":{"Estimated reading time":"1 minute"},"schema":{"@context":"https:\/\/schema.org","@graph":[{"@type":"WebPage","@id":"https:\/\/foodstory.es\/food-service-market-in-europe-part-i\/","url":"https:\/\/foodstory.es\/food-service-market-in-europe-part-i\/","name":"FOOD SERVICE MARKET IN EUROPE PART I - Food Story","isPartOf":{"@id":"https:\/\/foodstory.es\/#website"},"datePublished":"2026-03-06T10:24:56+00:00","dateModified":"2026-03-06T10:25:46+00:00","breadcrumb":{"@id":"https:\/\/foodstory.es\/food-service-market-in-europe-part-i\/#breadcrumb"},"inLanguage":"en-GB","potentialAction":[{"@type":"ReadAction","target":["https:\/\/foodstory.es\/food-service-market-in-europe-part-i\/"]}]},{"@type":"BreadcrumbList","@id":"https:\/\/foodstory.es\/food-service-market-in-europe-part-i\/#breadcrumb","itemListElement":[{"@type":"ListItem","position":1,"name":"Portada","item":"https:\/\/foodstory.es\/"},{"@type":"ListItem","position":2,"name":"FOOD SERVICE MARKET IN EUROPE PART I"}]},{"@type":"WebSite","@id":"https:\/\/foodstory.es\/#website","url":"https:\/\/foodstory.es\/","name":"Food Story","description":"Envisioning the future without forgetting the past","publisher":{"@id":"https:\/\/foodstory.es\/#organization"},"potentialAction":[{"@type":"SearchAction","target":{"@type":"EntryPoint","urlTemplate":"https:\/\/foodstory.es\/?s={search_term_string}"},"query-input":{"@type":"PropertyValueSpecification","valueRequired":true,"valueName":"search_term_string"}}],"inLanguage":"en-GB"},{"@type":"Organization","@id":"https:\/\/foodstory.es\/#organization","name":"Food Story","url":"https:\/\/foodstory.es\/","logo":{"@type":"ImageObject","inLanguage":"en-GB","@id":"https:\/\/foodstory.es\/#\/schema\/logo\/image\/","url":"https:\/\/foodstory.es\/wp-content\/uploads\/2024\/01\/LOGO-Food-Story.png","contentUrl":"https:\/\/foodstory.es\/wp-content\/uploads\/2024\/01\/LOGO-Food-Story.png","width":800,"height":800,"caption":"Food Story"},"image":{"@id":"https:\/\/foodstory.es\/#\/schema\/logo\/image\/"}}]}},"taxonomy_info":[],"featured_image_src_large":false,"author_info":{"display_name":"eloi","author_link":"https:\/\/foodstory.es\/en\/author\/eloi\/"},"comment_info":0,"_links":{"self":[{"href":"https:\/\/foodstory.es\/en\/wp-json\/wp\/v2\/pages\/2968","targetHints":{"allow":["GET"]}}],"collection":[{"href":"https:\/\/foodstory.es\/en\/wp-json\/wp\/v2\/pages"}],"about":[{"href":"https:\/\/foodstory.es\/en\/wp-json\/wp\/v2\/types\/page"}],"author":[{"embeddable":true,"href":"https:\/\/foodstory.es\/en\/wp-json\/wp\/v2\/users\/1"}],"replies":[{"embeddable":true,"href":"https:\/\/foodstory.es\/en\/wp-json\/wp\/v2\/comments?post=2968"}],"version-history":[{"count":2,"href":"https:\/\/foodstory.es\/en\/wp-json\/wp\/v2\/pages\/2968\/revisions"}],"predecessor-version":[{"id":2970,"href":"https:\/\/foodstory.es\/en\/wp-json\/wp\/v2\/pages\/2968\/revisions\/2970"}],"wp:attachment":[{"href":"https:\/\/foodstory.es\/en\/wp-json\/wp\/v2\/media?parent=2968"}],"curies":[{"name":"wp","href":"https:\/\/api.w.org\/{rel}","templated":true}]}}