{"id":938,"date":"2024-01-03T12:12:17","date_gmt":"2024-01-03T12:12:17","guid":{"rendered":"http:\/\/foodstory.es\/?page_id=938"},"modified":"2024-12-28T06:40:44","modified_gmt":"2024-12-28T05:40:44","slug":"iniciar-sesion","status":"publish","type":"page","link":"http:\/\/foodstory.es\/ca\/iniciar-sesion\/","title":{"rendered":"Inicia sessi\u00f3"},"content":{"rendered":"<style>.kb-row-layout-id938_100a56-17 > .kt-row-column-wrap{align-content:center;}:where(.kb-row-layout-id938_100a56-17 > .kt-row-column-wrap) > .wp-block-kadence-column{justify-content:center;}.kb-row-layout-id938_100a56-17 > .kt-row-column-wrap{column-gap:var(--global-kb-gap-md, 2rem);row-gap:var(--global-kb-gap-md, 2rem);max-width:var( --global-content-width, 1290px );padding-left:var(--global-content-edge-padding);padding-right:var(--global-content-edge-padding);padding-top:var(--global-kb-spacing-xl, 4rem);padding-bottom:var(--global-kb-spacing-xl, 4rem);grid-template-columns:repeat(2, minmax(0, 1fr));}.kb-row-layout-id938_100a56-17 > .kt-row-layout-overlay{opacity:0.30;}@media all and (max-width: 1024px){.kb-row-layout-id938_100a56-17 > .kt-row-column-wrap{grid-template-columns:repeat(2, minmax(0, 1fr));}}@media all and (max-width: 767px){.kb-row-layout-id938_100a56-17 > .kt-row-column-wrap{grid-template-columns:minmax(0, 1fr);}}<\/style><div class=\"kb-row-layout-wrap kb-row-layout-id938_100a56-17 alignnone wp-block-kadence-rowlayout\"><div class=\"kt-row-column-wrap kt-has-2-columns kt-row-layout-equal kt-tab-layout-inherit kt-mobile-layout-row kt-row-valign-middle kb-theme-content-width\">\n<style>.kadence-column938_2eee5f-2a > .kt-inside-inner-col{padding-top:40px;padding-right:40px;padding-bottom:40px;padding-left:40px;}.kadence-column938_2eee5f-2a > .kt-inside-inner-col,.kadence-column938_2eee5f-2a > .kt-inside-inner-col:before{border-top-left-radius:0px;border-top-right-radius:0px;border-bottom-right-radius:0px;border-bottom-left-radius:0px;}.kadence-column938_2eee5f-2a > .kt-inside-inner-col{column-gap:var(--global-kb-gap-sm, 1rem);}.kadence-column938_2eee5f-2a > .kt-inside-inner-col{flex-direction:column;}.kadence-column938_2eee5f-2a > .kt-inside-inner-col > .aligncenter{width:100%;}.kadence-column938_2eee5f-2a > .kt-inside-inner-col{background-color:var(--global-palette7, #EDF2F7);}.kadence-column938_2eee5f-2a > .kt-inside-inner-col:before{opacity:0.3;}.kadence-column938_2eee5f-2a{position:relative;}@media all and (max-width: 1024px){.kadence-column938_2eee5f-2a > .kt-inside-inner-col{flex-direction:column;justify-content:center;}}@media all and (max-width: 767px){.kadence-column938_2eee5f-2a > .kt-inside-inner-col{flex-direction:column;justify-content:center;}}<\/style>\n<div class=\"wp-block-kadence-column kadence-column938_2eee5f-2a formulairo\"><div class=\"kt-inside-inner-col\">\n\n\t\n\t<form id=\"rcp_login_form\"  class=\"rcp_form\" method=\"POST\" action=\"http:\/\/foodstory.es\/ca\/wp-json\/wp\/v2\/pages\/938\/\">\n\n\t\t\n\t\t<fieldset class=\"rcp_login_data\">\n\t\t\t<p>\n\t\t\t\t<label for=\"rcp_user_login\">Username or Email<\/label>\n\t\t\t\t<input name=\"rcp_user_login\" id=\"rcp_user_login\" class=\"required\" type=\"text\"\/>\n\t\t\t<\/p>\n\t\t\t<p>\n\t\t\t\t<label for=\"rcp_user_pass\">Password<\/label>\n\t\t\t\t<input name=\"rcp_user_pass\" id=\"rcp_user_pass\" class=\"required\" type=\"password\"\/>\n\t\t\t<\/p>\n\t\t\t\t\t\t<p>\n\t\t\t\t<input type=\"checkbox\" name=\"rcp_user_remember\" id=\"rcp_user_remember\" value=\"1\"\/>\n\t\t\t\t<label for=\"rcp_user_remember\">Remember me<\/label>\n\t\t\t<\/p>\n\t\t\t<p class=\"rcp_lost_password\"><a href=\"\/ca\/wp-json\/wp\/v2\/pages\/938?rcp_action=lostpassword\">Lost your password?<\/a><\/p>\n\t\t\t<p>\n\t\t\t\t<input type=\"hidden\" name=\"rcp_action\" value=\"login\"\/>\n\t\t\t\t\t\t\t\t\t<input type=\"hidden\" name=\"rcp_redirect\" value=\"http:\/\/foodstory.es\/ca\/wp-json\/wp\/v2\/pages\/938\/\"\/>\n\t\t\t\t\t\t\t\t<input type=\"hidden\" name=\"rcp_login_nonce\" value=\"14108533d6\"\/>\n\t\t\t\t<input id=\"rcp_login_submit\" class=\"rcp-button\" type=\"submit\" value=\"Login\"\/>\n\t\t\t<\/p>\n\t\t\t\t\t<\/fieldset>\n\n\t\t\n\t<\/form>\n\n<\/div><\/div>\n\n\n<style>.kadence-column938_922bf0-41 > .kt-inside-inner-col,.kadence-column938_922bf0-41 > .kt-inside-inner-col:before{border-top-left-radius:0px;border-top-right-radius:0px;border-bottom-right-radius:0px;border-bottom-left-radius:0px;}.kadence-column938_922bf0-41 > .kt-inside-inner-col{column-gap:var(--global-kb-gap-sm, 1rem);}.kadence-column938_922bf0-41 > .kt-inside-inner-col{flex-direction:column;}.kadence-column938_922bf0-41 > .kt-inside-inner-col > .aligncenter{width:100%;}.kadence-column938_922bf0-41 > .kt-inside-inner-col:before{opacity:0.3;}.kadence-column938_922bf0-41{position:relative;}@media all and (max-width: 1024px){.kadence-column938_922bf0-41 > .kt-inside-inner-col{flex-direction:column;justify-content:center;}}@media all and (max-width: 767px){.kadence-column938_922bf0-41 > .kt-inside-inner-col{flex-direction:column;justify-content:center;}}<\/style>\n<div class=\"wp-block-kadence-column kadence-column938_922bf0-41\"><div class=\"kt-inside-inner-col\"><style>.wp-block-kadence-advancedheading.kt-adv-heading938_6b942b-09, .wp-block-kadence-advancedheading.kt-adv-heading938_6b942b-09[data-kb-block=\"kb-adv-heading938_6b942b-09\"]{font-size:var(--global-kb-font-size-md, 1.25rem);font-style:normal;}.wp-block-kadence-advancedheading.kt-adv-heading938_6b942b-09 mark.kt-highlight, .wp-block-kadence-advancedheading.kt-adv-heading938_6b942b-09[data-kb-block=\"kb-adv-heading938_6b942b-09\"] mark.kt-highlight{font-style:normal;color:#f76a0c;-webkit-box-decoration-break:clone;box-decoration-break:clone;padding-top:0px;padding-right:0px;padding-bottom:0px;padding-left:0px;}.wp-block-kadence-advancedheading.kt-adv-heading938_6b942b-09 img.kb-inline-image, .wp-block-kadence-advancedheading.kt-adv-heading938_6b942b-09[data-kb-block=\"kb-adv-heading938_6b942b-09\"] img.kb-inline-image{width:150px;vertical-align:baseline;}<\/style>\n<h1 class=\"kt-adv-heading938_6b942b-09 wp-block-kadence-advancedheading\" data-kb-block=\"kb-adv-heading938_6b942b-09\">Visionando el futuro sin olvidar el pasado<\/h1>\n\n\n\n<p>Descubre una visi\u00f3n integral de la restauraci\u00f3n a nivel internacional, una fuente invaluable de conocimientos que los profesionales del sector pueden aprovechar para adquirir informaci\u00f3n esencial que a menudo pasa desapercibida. Sum\u00e9rgete en un enfoque que ofrece una comprensi\u00f3n completa de los entresijos del Food Service, brindando a los expertos de la industria una perspectiva \u00fanica sobre lo que realmente necesitan saber y que rara vez se comparte de manera habitual.<\/p>\n\n\n\n<p><a href=\"mailto:alomario@foodstory.com.es\">noticias@foodstory.es<br><\/a><a href=\"tel:+34 609 76 65 95\">+34 609 76 65 95<\/a><\/p>\n<\/div><\/div>\n\n<\/div><\/div>","protected":false},"excerpt":{"rendered":"<p>Visionando el futuro sin olvidar el pasado Descubre una visi\u00f3n integral de la restauraci\u00f3n a nivel internacional, una fuente invaluable de conocimientos que los profesionales del sector pueden aprovechar para adquirir informaci\u00f3n esencial que a menudo pasa desapercibida. Sum\u00e9rgete en un enfoque que ofrece una comprensi\u00f3n completa de los entresijos del Food Service, brindando a&#8230;<\/p>","protected":false},"author":1,"featured_media":0,"parent":0,"menu_order":10,"comment_status":"closed","ping_status":"closed","template":"","meta":{"_kad_blocks_custom_css":"","_kad_blocks_head_custom_js":"","_kad_blocks_body_custom_js":"","_kad_blocks_footer_custom_js":"","_kadence_starter_templates_imported_post":false,"_kad_post_transparent":"","_kad_post_title":"","_kad_post_layout":"","_kad_post_sidebar_id":"","_kad_post_content_style":"","_kad_post_vertical_padding":"","_kad_post_feature":"","_kad_post_feature_position":"","_kad_post_header":false,"_kad_post_footer":false,"_kad_post_classname":"","footnotes":""},"class_list":["post-938","page","type-page","status-publish","hentry"],"yoast_head":"<!-- This site is optimized with the Yoast SEO plugin v27.3 - https:\/\/yoast.com\/product\/yoast-seo-wordpress\/ -->\n<title>Iniciar sesi\u00f3n - Food Story<\/title>\n<meta name=\"robots\" content=\"index, follow, max-snippet:-1, max-image-preview:large, max-video-preview:-1\" \/>\n<link rel=\"canonical\" href=\"https:\/\/foodstory.es\/ca\/iniciar-sesion\/\" \/>\n<meta property=\"og:locale\" content=\"ca_ES\" \/>\n<meta property=\"og:type\" content=\"article\" \/>\n<meta property=\"og:title\" content=\"Iniciar sesi\u00f3n - Food Story\" \/>\n<meta property=\"og:description\" content=\"Visionando el futuro sin olvidar el pasado Descubre una visi\u00f3n integral de la restauraci\u00f3n a nivel internacional, una fuente invaluable de conocimientos que los profesionales del sector pueden aprovechar para adquirir informaci\u00f3n esencial que a menudo pasa desapercibida. Sum\u00e9rgete en un enfoque que ofrece una comprensi\u00f3n completa de los entresijos del Food Service, brindando a...\" \/>\n<meta property=\"og:url\" content=\"https:\/\/foodstory.es\/ca\/iniciar-sesion\/\" \/>\n<meta property=\"og:site_name\" content=\"Food Story\" \/>\n<meta property=\"article:modified_time\" content=\"2024-12-28T05:40:44+00:00\" \/>\n<meta name=\"twitter:card\" content=\"summary_large_image\" \/>\n<meta name=\"twitter:label1\" content=\"Temps estimat de lectura\" \/>\n\t<meta name=\"twitter:data1\" content=\"1 minut\" \/>\n<script type=\"application\/ld+json\" class=\"yoast-schema-graph\">{\"@context\":\"https:\\\/\\\/schema.org\",\"@graph\":[{\"@type\":\"WebPage\",\"@id\":\"https:\\\/\\\/foodstory.es\\\/iniciar-sesion\\\/\",\"url\":\"https:\\\/\\\/foodstory.es\\\/iniciar-sesion\\\/\",\"name\":\"Iniciar sesi\u00f3n - Food Story\",\"isPartOf\":{\"@id\":\"https:\\\/\\\/foodstory.es\\\/#website\"},\"datePublished\":\"2024-01-03T12:12:17+00:00\",\"dateModified\":\"2024-12-28T05:40:44+00:00\",\"breadcrumb\":{\"@id\":\"https:\\\/\\\/foodstory.es\\\/iniciar-sesion\\\/#breadcrumb\"},\"inLanguage\":\"ca\",\"potentialAction\":[{\"@type\":\"ReadAction\",\"target\":[\"https:\\\/\\\/foodstory.es\\\/iniciar-sesion\\\/\"]}]},{\"@type\":\"BreadcrumbList\",\"@id\":\"https:\\\/\\\/foodstory.es\\\/iniciar-sesion\\\/#breadcrumb\",\"itemListElement\":[{\"@type\":\"ListItem\",\"position\":1,\"name\":\"Portada\",\"item\":\"https:\\\/\\\/foodstory.es\\\/\"},{\"@type\":\"ListItem\",\"position\":2,\"name\":\"Iniciar sesi\u00f3n\"}]},{\"@type\":\"WebSite\",\"@id\":\"https:\\\/\\\/foodstory.es\\\/#website\",\"url\":\"https:\\\/\\\/foodstory.es\\\/\",\"name\":\"Food Story\",\"description\":\"Visionando el futuro sin olvidar el pasado\",\"publisher\":{\"@id\":\"https:\\\/\\\/foodstory.es\\\/#organization\"},\"potentialAction\":[{\"@type\":\"SearchAction\",\"target\":{\"@type\":\"EntryPoint\",\"urlTemplate\":\"https:\\\/\\\/foodstory.es\\\/?s={search_term_string}\"},\"query-input\":{\"@type\":\"PropertyValueSpecification\",\"valueRequired\":true,\"valueName\":\"search_term_string\"}}],\"inLanguage\":\"ca\"},{\"@type\":\"Organization\",\"@id\":\"https:\\\/\\\/foodstory.es\\\/#organization\",\"name\":\"Food Story\",\"url\":\"https:\\\/\\\/foodstory.es\\\/\",\"logo\":{\"@type\":\"ImageObject\",\"inLanguage\":\"ca\",\"@id\":\"https:\\\/\\\/foodstory.es\\\/#\\\/schema\\\/logo\\\/image\\\/\",\"url\":\"https:\\\/\\\/foodstory.es\\\/wp-content\\\/uploads\\\/2024\\\/01\\\/LOGO-Food-Story.png\",\"contentUrl\":\"https:\\\/\\\/foodstory.es\\\/wp-content\\\/uploads\\\/2024\\\/01\\\/LOGO-Food-Story.png\",\"width\":800,\"height\":800,\"caption\":\"Food Story\"},\"image\":{\"@id\":\"https:\\\/\\\/foodstory.es\\\/#\\\/schema\\\/logo\\\/image\\\/\"}}]}<\/script>\n<!-- \/ Yoast SEO plugin. -->","yoast_head_json":{"title":"Iniciar sesi\u00f3n - Food Story","robots":{"index":"index","follow":"follow","max-snippet":"max-snippet:-1","max-image-preview":"max-image-preview:large","max-video-preview":"max-video-preview:-1"},"canonical":"https:\/\/foodstory.es\/ca\/iniciar-sesion\/","og_locale":"ca_ES","og_type":"article","og_title":"Iniciar sesi\u00f3n - Food Story","og_description":"Visionando el futuro sin olvidar el pasado Descubre una visi\u00f3n integral de la restauraci\u00f3n a nivel internacional, una fuente invaluable de conocimientos que los profesionales del sector pueden aprovechar para adquirir informaci\u00f3n esencial que a menudo pasa desapercibida. Sum\u00e9rgete en un enfoque que ofrece una comprensi\u00f3n completa de los entresijos del Food Service, brindando a...","og_url":"https:\/\/foodstory.es\/ca\/iniciar-sesion\/","og_site_name":"Food Story","article_modified_time":"2024-12-28T05:40:44+00:00","twitter_card":"summary_large_image","twitter_misc":{"Temps estimat de lectura":"1 minut"},"schema":{"@context":"https:\/\/schema.org","@graph":[{"@type":"WebPage","@id":"https:\/\/foodstory.es\/iniciar-sesion\/","url":"https:\/\/foodstory.es\/iniciar-sesion\/","name":"Iniciar sesi\u00f3n - Food Story","isPartOf":{"@id":"https:\/\/foodstory.es\/#website"},"datePublished":"2024-01-03T12:12:17+00:00","dateModified":"2024-12-28T05:40:44+00:00","breadcrumb":{"@id":"https:\/\/foodstory.es\/iniciar-sesion\/#breadcrumb"},"inLanguage":"ca","potentialAction":[{"@type":"ReadAction","target":["https:\/\/foodstory.es\/iniciar-sesion\/"]}]},{"@type":"BreadcrumbList","@id":"https:\/\/foodstory.es\/iniciar-sesion\/#breadcrumb","itemListElement":[{"@type":"ListItem","position":1,"name":"Portada","item":"https:\/\/foodstory.es\/"},{"@type":"ListItem","position":2,"name":"Iniciar sesi\u00f3n"}]},{"@type":"WebSite","@id":"https:\/\/foodstory.es\/#website","url":"https:\/\/foodstory.es\/","name":"Food Story","description":"Visionant el futur sense oblidar el passat","publisher":{"@id":"https:\/\/foodstory.es\/#organization"},"potentialAction":[{"@type":"SearchAction","target":{"@type":"EntryPoint","urlTemplate":"https:\/\/foodstory.es\/?s={search_term_string}"},"query-input":{"@type":"PropertyValueSpecification","valueRequired":true,"valueName":"search_term_string"}}],"inLanguage":"ca"},{"@type":"Organization","@id":"https:\/\/foodstory.es\/#organization","name":"Food Story","url":"https:\/\/foodstory.es\/","logo":{"@type":"ImageObject","inLanguage":"ca","@id":"https:\/\/foodstory.es\/#\/schema\/logo\/image\/","url":"https:\/\/foodstory.es\/wp-content\/uploads\/2024\/01\/LOGO-Food-Story.png","contentUrl":"https:\/\/foodstory.es\/wp-content\/uploads\/2024\/01\/LOGO-Food-Story.png","width":800,"height":800,"caption":"Food Story"},"image":{"@id":"https:\/\/foodstory.es\/#\/schema\/logo\/image\/"}}]}},"taxonomy_info":[],"featured_image_src_large":false,"author_info":{"display_name":"eloi","author_link":"http:\/\/foodstory.es\/ca\/author\/eloi\/"},"comment_info":0,"_links":{"self":[{"href":"http:\/\/foodstory.es\/ca\/wp-json\/wp\/v2\/pages\/938","targetHints":{"allow":["GET"]}}],"collection":[{"href":"http:\/\/foodstory.es\/ca\/wp-json\/wp\/v2\/pages"}],"about":[{"href":"http:\/\/foodstory.es\/ca\/wp-json\/wp\/v2\/types\/page"}],"author":[{"embeddable":true,"href":"http:\/\/foodstory.es\/ca\/wp-json\/wp\/v2\/users\/1"}],"replies":[{"embeddable":true,"href":"http:\/\/foodstory.es\/ca\/wp-json\/wp\/v2\/comments?post=938"}],"version-history":[{"count":9,"href":"http:\/\/foodstory.es\/ca\/wp-json\/wp\/v2\/pages\/938\/revisions"}],"predecessor-version":[{"id":2012,"href":"http:\/\/foodstory.es\/ca\/wp-json\/wp\/v2\/pages\/938\/revisions\/2012"}],"wp:attachment":[{"href":"http:\/\/foodstory.es\/ca\/wp-json\/wp\/v2\/media?parent=938"}],"curies":[{"name":"wp","href":"https:\/\/api.w.org\/{rel}","templated":true}]}}